{"id":837,"date":"2026-02-10T13:54:49","date_gmt":"2026-02-10T18:54:49","guid":{"rendered":"https:\/\/condeschools.com\/?post_type=product&#038;p=837"},"modified":"2026-02-10T13:58:28","modified_gmt":"2026-02-10T18:58:28","slug":"taller-de-inversiones-en-la-bolsa","status":"publish","type":"product","link":"https:\/\/condeschools.com\/en\/product\/taller-de-inversiones-en-la-bolsa\/","title":{"rendered":"TALLER DE INVERSIONES EN LA BOLSA"},"content":{"rendered":"<p>Dise\u00f1ado para quienes desean iniciarse en el mercado burs\u00e1til con una base s\u00f3lida. Aprender\u00e1s c\u00f3mo funciona la bolsa, c\u00f3mo analizar acciones b\u00e1sicas y c\u00f3mo gestionar el riesgo.<\/p>","protected":false},"excerpt":{"rendered":"<p>Dise\u00f1ado para quienes desean iniciarse en el mercado burs\u00e1til con una base s\u00f3lida. Aprender\u00e1s c\u00f3mo funciona la bolsa, c\u00f3mo analizar acciones b\u00e1sicas y c\u00f3mo gestionar el riesgo.<\/p>","protected":false},"featured_media":838,"comment_status":"open","ping_status":"closed","template":"","meta":{"_joinchat":[]},"product_brand":[],"product_cat":[39],"product_tag":[42,41,40],"class_list":{"0":"post-837","1":"product","2":"type-product","3":"status-publish","4":"has-post-thumbnail","6":"product_cat-inversiones","7":"product_tag-bolsa","8":"product_tag-inversiones","9":"product_tag-taller","11":"first","12":"instock","13":"taxable","14":"shipping-taxable","15":"product-type-simple"},"jetpack_sharing_enabled":true,"_links":{"self":[{"href":"https:\/\/condeschools.com\/en\/wp-json\/wp\/v2\/product\/837","targetHints":{"allow":["GET"]}}],"collection":[{"href":"https:\/\/condeschools.com\/en\/wp-json\/wp\/v2\/product"}],"about":[{"href":"https:\/\/condeschools.com\/en\/wp-json\/wp\/v2\/types\/product"}],"replies":[{"embeddable":true,"href":"https:\/\/condeschools.com\/en\/wp-json\/wp\/v2\/comments?post=837"}],"wp:featuredmedia":[{"embeddable":true,"href":"https:\/\/condeschools.com\/en\/wp-json\/wp\/v2\/media\/838"}],"wp:attachment":[{"href":"https:\/\/condeschools.com\/en\/wp-json\/wp\/v2\/media?parent=837"}],"wp:term":[{"taxonomy":"product_brand","embeddable":true,"href":"https:\/\/condeschools.com\/en\/wp-json\/wp\/v2\/product_brand?post=837"},{"taxonomy":"product_cat","embeddable":true,"href":"https:\/\/condeschools.com\/en\/wp-json\/wp\/v2\/product_cat?post=837"},{"taxonomy":"product_tag","embeddable":true,"href":"https:\/\/condeschools.com\/en\/wp-json\/wp\/v2\/product_tag?post=837"}],"curies":[{"name":"wp","href":"https:\/\/api.w.org\/{rel}","templated":true}]}}