{"id":673,"date":"2025-01-24T14:23:19","date_gmt":"2025-01-24T19:23:19","guid":{"rendered":"https:\/\/condeschools.com\/?post_type=product&#038;p=673"},"modified":"2025-12-16T16:53:32","modified_gmt":"2025-12-16T21:53:32","slug":"post-licencia-en-bienes-raices-45-horas","status":"publish","type":"product","link":"https:\/\/condeschools.com\/en\/product\/post-licencia-en-bienes-raices-45-horas\/","title":{"rendered":"Post License real Estate (45 hours)"},"content":{"rendered":"<p data-start=\"231\" data-end=\"298\">\ud83c\udf93 <strong data-start=\"234\" data-end=\"296\">Curso de Postlicencia para Vendedores Asociados (45 horas)<\/strong><\/p>\n<p data-start=\"300\" data-end=\"516\">\u26a0\ufe0f <strong data-start=\"303\" data-end=\"339\">No pongas en riesgo tu licencia.<\/strong><br data-start=\"339\" data-end=\"342\" \/>Completar el curso de postlicencia de <strong data-start=\"380\" data-end=\"392\">45 horas<\/strong> es un requisito <strong data-start=\"409\" data-end=\"424\">obligatorio<\/strong> para mantener tu licencia de vendedor asociado <strong data-start=\"472\" data-end=\"491\">activa y v\u00e1lida<\/strong> en el estado de Florida.<\/p>\n<p data-start=\"518\" data-end=\"700\">En este curso recibir\u00e1s la formaci\u00f3n necesaria para cumplir con la normativa vigente, reforzar tus conocimientos y continuar ejerciendo tu carrera en bienes ra\u00edces sin contratiempos.<\/p>\n<p data-start=\"702\" data-end=\"874\">\ud83d\udcda <strong data-start=\"705\" data-end=\"719\">Modalidad:<\/strong> Transmisi\u00f3n en vivo v\u00eda <strong data-start=\"744\" data-end=\"752\">ZOOM<\/strong><br data-start=\"752\" data-end=\"755\" \/>\ud83d\uddd3 <strong data-start=\"758\" data-end=\"769\">Fechas:<\/strong> Del <strong data-start=\"774\" data-end=\"802\">6 al 20 de enero de 2026<\/strong><br data-start=\"802\" data-end=\"805\" \/>\ud83d\udcc6 <strong data-start=\"808\" data-end=\"817\">D\u00edas:<\/strong> Martes y jueves<br data-start=\"833\" data-end=\"836\" \/>\u23f0 <strong data-start=\"838\" data-end=\"850\">Horario:<\/strong> <strong data-start=\"851\" data-end=\"872\">9:00 am \u2013 5:00 pm<\/strong><\/p>\n<p data-start=\"876\" data-end=\"908\">\ud83d\udcb0 <strong data-start=\"879\" data-end=\"893\">Inversi\u00f3n:<\/strong> <strong data-start=\"894\" data-end=\"906\">$150 USD<\/strong><\/p>\n<p data-start=\"910\" data-end=\"999\">\ud83d\udcf2 <strong data-start=\"913\" data-end=\"942\">Informes e inscripciones:<\/strong><br data-start=\"942\" data-end=\"945\" \/>WhatsApp: <strong data-start=\"955\" data-end=\"971\">305 216 2775<\/strong><\/p>\n<p data-start=\"1001\" data-end=\"1117\">\u2705 <strong data-start=\"1003\" data-end=\"1117\">Cumple con el requisito, protege tu licencia y sigue creciendo como profesional inmobiliario con Conde School.<\/strong><\/p>","protected":false},"excerpt":{"rendered":"<p>\ud83c\udf93 Curso de Postlicencia para Vendedores Asociados (45 horas) \u26a0\ufe0f No pongas en riesgo tu licencia.Completar el curso de postlicencia de 45 horas es un requisito obligatorio para mantener tu licencia de vendedor asociado activa y v\u00e1lida en el estado de Florida. En este curso recibir\u00e1s la formaci\u00f3n necesaria para cumplir con la normativa vigente, [&hellip;]<\/p>\n","protected":false},"featured_media":674,"comment_status":"open","ping_status":"closed","template":"","meta":{"_joinchat":[]},"product_brand":[],"product_cat":[38],"product_tag":[],"class_list":{"0":"post-673","1":"product","2":"type-product","3":"status-publish","4":"has-post-thumbnail","6":"product_cat-post-licencia","8":"first","9":"instock","10":"taxable","11":"shipping-taxable","12":"purchasable","13":"product-type-simple"},"jetpack_sharing_enabled":true,"_links":{"self":[{"href":"https:\/\/condeschools.com\/en\/wp-json\/wp\/v2\/product\/673","targetHints":{"allow":["GET"]}}],"collection":[{"href":"https:\/\/condeschools.com\/en\/wp-json\/wp\/v2\/product"}],"about":[{"href":"https:\/\/condeschools.com\/en\/wp-json\/wp\/v2\/types\/product"}],"replies":[{"embeddable":true,"href":"https:\/\/condeschools.com\/en\/wp-json\/wp\/v2\/comments?post=673"}],"wp:featuredmedia":[{"embeddable":true,"href":"https:\/\/condeschools.com\/en\/wp-json\/wp\/v2\/media\/674"}],"wp:attachment":[{"href":"https:\/\/condeschools.com\/en\/wp-json\/wp\/v2\/media?parent=673"}],"wp:term":[{"taxonomy":"product_brand","embeddable":true,"href":"https:\/\/condeschools.com\/en\/wp-json\/wp\/v2\/product_brand?post=673"},{"taxonomy":"product_cat","embeddable":true,"href":"https:\/\/condeschools.com\/en\/wp-json\/wp\/v2\/product_cat?post=673"},{"taxonomy":"product_tag","embeddable":true,"href":"https:\/\/condeschools.com\/en\/wp-json\/wp\/v2\/product_tag?post=673"}],"curies":[{"name":"wp","href":"https:\/\/api.w.org\/{rel}","templated":true}]}}