{"id":376,"date":"2023-09-20T13:52:04","date_gmt":"2023-09-20T13:52:04","guid":{"rendered":"https:\/\/condeschools.com\/?post_type=product&#038;p=376"},"modified":"2026-04-06T20:17:17","modified_gmt":"2026-04-07T00:17:17","slug":"tutoria","status":"publish","type":"product","link":"https:\/\/condeschools.com\/en\/product\/tutoria\/","title":{"rendered":"Tutoria"},"content":{"rendered":"<p data-start=\"234\" data-end=\"302\">\ud83d\udcd8 <strong data-start=\"237\" data-end=\"300\">Tutor\u00eda Intensiva \u2013 Examen Estatal de Real Estate (Florida)<\/strong><\/p>\n<p data-start=\"304\" data-end=\"555\">Prep\u00e1rate de forma <strong data-start=\"323\" data-end=\"349\">estrat\u00e9gica y efectiva<\/strong> para presentar el <strong data-start=\"368\" data-end=\"412\">examen estatal de Real Estate en Florida<\/strong> con nuestra tutor\u00eda intensiva dise\u00f1ada para reforzar los temas clave, aclarar dudas y aumentar tu confianza al momento de presentar el examen.<\/p>\n<p data-start=\"557\" data-end=\"700\">Esta tutor\u00eda est\u00e1 enfocada en los puntos m\u00e1s importantes del examen, con explicaciones claras, ejemplos pr\u00e1cticos y acompa\u00f1amiento profesional.<\/p>\n<p data-start=\"702\" data-end=\"800\">\ud83d\udcc5 <strong data-start=\"705\" data-end=\"716\">Fechas:<\/strong><br data-start=\"716\" data-end=\"719\" \/>\u2022 14 de abril<br data-start=\"732\" data-end=\"735\" \/>\u2022 21 de abril<br data-start=\"748\" data-end=\"751\" \/>\u2022 28 de abril<br data-start=\"766\" data-end=\"769\" \/>\ud83d\uddd3 <strong data-start=\"772\" data-end=\"800\">Tres martes consecutivos<\/strong><\/p>\n<p data-start=\"802\" data-end=\"887\">\u23f0 <strong data-start=\"804\" data-end=\"816\">Horario:<\/strong> 6:00 pm \u2013 8:00 pm<br data-start=\"834\" data-end=\"837\" \/>\ud83d\udcbb <strong data-start=\"840\" data-end=\"854\">Modalidad:<\/strong> Transmisi\u00f3n en vivo v\u00eda <strong data-start=\"879\" data-end=\"887\">ZOOM<\/strong><\/p>\n<p data-start=\"889\" data-end=\"919\">\ud83d\udcb0 <strong data-start=\"892\" data-end=\"906\">Inversi\u00f3n:<\/strong> <strong data-start=\"907\" data-end=\"919\">$100 USD<\/strong><\/p>\n<p data-start=\"921\" data-end=\"1010\">\ud83d\udcf2 <strong data-start=\"924\" data-end=\"953\">Informes e inscripciones:<\/strong><br data-start=\"953\" data-end=\"956\" \/>WhatsApp: <strong data-start=\"966\" data-end=\"982\">305 216 2775<\/strong><\/p>\n<p data-start=\"1012\" data-end=\"1117\">\ud83d\ude80 <strong data-start=\"1015\" data-end=\"1117\">Act\u00edvate, refuerza tus conocimientos y da el paso al siguiente nivel profesional con Conde School.<\/strong><\/p>","protected":false},"excerpt":{"rendered":"<p>\ud83d\udcd8 Tutor\u00eda Intensiva \u2013 Examen Estatal de Real Estate (Florida) Prep\u00e1rate de forma estrat\u00e9gica y efectiva para presentar el examen estatal de Real Estate en Florida con nuestra tutor\u00eda intensiva dise\u00f1ada para reforzar los temas clave, aclarar dudas y aumentar tu confianza al momento de presentar el examen. Esta tutor\u00eda est\u00e1 enfocada en los puntos [&hellip;]<\/p>\n","protected":false},"featured_media":440,"comment_status":"open","ping_status":"closed","template":"","meta":{"_joinchat":[]},"product_brand":[],"product_cat":[36],"product_tag":[],"class_list":{"0":"post-376","1":"product","2":"type-product","3":"status-publish","4":"has-post-thumbnail","6":"product_cat-tutoria","8":"first","9":"instock","10":"taxable","11":"shipping-taxable","12":"purchasable","13":"product-type-simple"},"jetpack_sharing_enabled":true,"_links":{"self":[{"href":"https:\/\/condeschools.com\/en\/wp-json\/wp\/v2\/product\/376","targetHints":{"allow":["GET"]}}],"collection":[{"href":"https:\/\/condeschools.com\/en\/wp-json\/wp\/v2\/product"}],"about":[{"href":"https:\/\/condeschools.com\/en\/wp-json\/wp\/v2\/types\/product"}],"replies":[{"embeddable":true,"href":"https:\/\/condeschools.com\/en\/wp-json\/wp\/v2\/comments?post=376"}],"wp:featuredmedia":[{"embeddable":true,"href":"https:\/\/condeschools.com\/en\/wp-json\/wp\/v2\/media\/440"}],"wp:attachment":[{"href":"https:\/\/condeschools.com\/en\/wp-json\/wp\/v2\/media?parent=376"}],"wp:term":[{"taxonomy":"product_brand","embeddable":true,"href":"https:\/\/condeschools.com\/en\/wp-json\/wp\/v2\/product_brand?post=376"},{"taxonomy":"product_cat","embeddable":true,"href":"https:\/\/condeschools.com\/en\/wp-json\/wp\/v2\/product_cat?post=376"},{"taxonomy":"product_tag","embeddable":true,"href":"https:\/\/condeschools.com\/en\/wp-json\/wp\/v2\/product_tag?post=376"}],"curies":[{"name":"wp","href":"https:\/\/api.w.org\/{rel}","templated":true}]}}